{"id":14,"date":"2014-10-17T15:14:37","date_gmt":"2014-10-17T12:14:37","guid":{"rendered":"http:\/\/www.ccr.fi\/villakilpis\/?page_id=14"},"modified":"2015-01-11T21:07:20","modified_gmt":"2015-01-11T21:07:20","slug":"yhteystiedot","status":"publish","type":"page","link":"https:\/\/www.villakilpisjarvi.fi\/en\/?page_id=14","title":{"rendered":"Contacts"},"content":{"rendered":"<p><strong>Markku Kesti<\/strong><br \/>\nTel. +358 400 693 590<\/p>\n<p><strong>VILLA KILPISJ\u00c4RVI<\/strong><br \/>\nPulmusentie 5<br \/>\n99490 KILPISJ\u00c4RVI<\/p>\n<p><iframe loading=\"lazy\" style=\"border: 0px currentColor;\" src=\"https:\/\/www.google.com\/maps\/embed?pb=!1m14!1m8!1m3!1d1428.5572162989624!2d20.8705526!3d69.01946939999999!3m2!1i1024!2i768!4f13.1!3m3!1m2!1s0x45daa82c9936ab09%3A0xdc404ca39f11d278!2sPulmusentie+5%2C+99490+Enonteki%C3%B6!5e0!3m2!1sfi!2sfi!4v1413915357601\" width=\"400\" height=\"300\" frameborder=\"0\"><\/iframe><\/p>\n<p>&nbsp;<\/p>\n<p><strong>VILLA M\u00c4NTYNIEMI<\/strong><br \/>\nMajavantie 122<br \/>\n99400 ENONTEKI\u00d6 HETTA<\/p>\n<p><iframe loading=\"lazy\" style=\"border: 0px currentColor;\" src=\"https:\/\/www.google.com\/maps\/embed?pb=!1m14!1m8!1m3!1d11760.522755988444!2d23.609698879908705!3d68.37968424015024!3m2!1i1024!2i768!4f13.1!3m3!1m2!1s0x45d192a657afeef3%3A0xea3f88cf8fe9a99d!2sMajavantie+122%2C+99400+Enonteki%C3%B6!5e0!3m2!1sfi!2sfi!4v1413915496973\" width=\"400\" height=\"300\" frameborder=\"0\"><\/iframe><\/p>\n<p>www.villakilpisjarvi.fi<br \/>\ninfo@villakilpisjarvi.fi<\/p>\n<p>Markku Kesti<br \/>\nTel. +358 400 693 590<\/p>\n","protected":false},"excerpt":{"rendered":"<p>Markku Kesti Tel. +358 400 693 590 VILLA KILPISJ\u00c4RVI Pulmusentie 5 99490 KILPISJ\u00c4RVI &nbsp; VILLA M\u00c4NTYNIEMI Majavantie 122 99400 ENONTEKI\u00d6 HETTA www.villakilpisjarvi.fi info@villakilpisjarvi.fi Markku Kesti Tel. +358 400 693 590<\/p>\n","protected":false},"author":1,"featured_media":0,"parent":0,"menu_order":6,"comment_status":"closed","ping_status":"closed","template":"","meta":{"footnotes":""},"class_list":["post-14","page","type-page","status-publish","hentry"],"_links":{"self":[{"href":"https:\/\/www.villakilpisjarvi.fi\/en\/index.php?rest_route=\/wp\/v2\/pages\/14","targetHints":{"allow":["GET"]}}],"collection":[{"href":"https:\/\/www.villakilpisjarvi.fi\/en\/index.php?rest_route=\/wp\/v2\/pages"}],"about":[{"href":"https:\/\/www.villakilpisjarvi.fi\/en\/index.php?rest_route=\/wp\/v2\/types\/page"}],"author":[{"embeddable":true,"href":"https:\/\/www.villakilpisjarvi.fi\/en\/index.php?rest_route=\/wp\/v2\/users\/1"}],"replies":[{"embeddable":true,"href":"https:\/\/www.villakilpisjarvi.fi\/en\/index.php?rest_route=%2Fwp%2Fv2%2Fcomments&post=14"}],"version-history":[{"count":2,"href":"https:\/\/www.villakilpisjarvi.fi\/en\/index.php?rest_route=\/wp\/v2\/pages\/14\/revisions"}],"predecessor-version":[{"id":171,"href":"https:\/\/www.villakilpisjarvi.fi\/en\/index.php?rest_route=\/wp\/v2\/pages\/14\/revisions\/171"}],"wp:attachment":[{"href":"https:\/\/www.villakilpisjarvi.fi\/en\/index.php?rest_route=%2Fwp%2Fv2%2Fmedia&parent=14"}],"curies":[{"name":"wp","href":"https:\/\/api.w.org\/{rel}","templated":true}]}}